{"id":78426,"date":"2025-01-20T20:58:16","date_gmt":"2025-01-20T18:58:16","guid":{"rendered":"https:\/\/holidaysim.es\/?post_type=product&#038;p=78426"},"modified":"2026-04-30T04:58:35","modified_gmt":"2026-04-30T02:58:35","slug":"france-1-gb-7-days-2","status":"publish","type":"product","link":"https:\/\/holidaysim.es\/en\/product\/france-1-gb-7-days-2\/","title":{"rendered":"Francia 1 GB &#8211; 7 D\u00edas"},"content":{"rendered":"<p>4G Data-only eSIM.<br \/>\nRechargeable online with no expiry.<br \/>\nOperates on the Orange network in France.<br \/>\nPuedes recargar esta eSIM durante los 120 d\u00edas siguientes a su activaci\u00f3n. A\u00f1adir un nuevo paquete reiniciar\u00e1 este periodo. M\u00f3naco no est\u00e1 cubierto por esta eSIM.<br \/>\nThis eSIM doesn&#8217;t come with a phone number.<\/p>\n","protected":false},"excerpt":{"rendered":"<p>4G Data-only eSIM. Rechargeable online with no expiry. Operates on the Orange network in France. Puedes recargar esta eSIM durante los 120 d\u00edas siguientes a su activaci\u00f3n. A\u00f1adir un nuevo paquete reiniciar\u00e1 este periodo. M\u00f3naco no est\u00e1 cubierto por esta eSIM. This eSIM doesn&#8217;t come with a phone number.<\/p>\n","protected":false},"featured_media":70013,"comment_status":"open","ping_status":"closed","template":"","meta":[],"product_brand":[],"product_cat":[15],"product_tag":[],"class_list":{"0":"post-78426","1":"product","2":"type-product","3":"status-publish","4":"has-post-thumbnail","6":"product_cat-paises","8":"first","9":"instock","10":"virtual","11":"taxable","12":"purchasable","13":"product-type-simple"},"_links":{"self":[{"href":"https:\/\/holidaysim.es\/en\/wp-json\/wp\/v2\/product\/78426","targetHints":{"allow":["GET"]}}],"collection":[{"href":"https:\/\/holidaysim.es\/en\/wp-json\/wp\/v2\/product"}],"about":[{"href":"https:\/\/holidaysim.es\/en\/wp-json\/wp\/v2\/types\/product"}],"replies":[{"embeddable":true,"href":"https:\/\/holidaysim.es\/en\/wp-json\/wp\/v2\/comments?post=78426"}],"version-history":[{"count":3,"href":"https:\/\/holidaysim.es\/en\/wp-json\/wp\/v2\/product\/78426\/revisions"}],"predecessor-version":[{"id":87940,"href":"https:\/\/holidaysim.es\/en\/wp-json\/wp\/v2\/product\/78426\/revisions\/87940"}],"wp:featuredmedia":[{"embeddable":true,"href":"https:\/\/holidaysim.es\/en\/wp-json\/wp\/v2\/media\/70013"}],"wp:attachment":[{"href":"https:\/\/holidaysim.es\/en\/wp-json\/wp\/v2\/media?parent=78426"}],"wp:term":[{"taxonomy":"product_brand","embeddable":true,"href":"https:\/\/holidaysim.es\/en\/wp-json\/wp\/v2\/product_brand?post=78426"},{"taxonomy":"product_cat","embeddable":true,"href":"https:\/\/holidaysim.es\/en\/wp-json\/wp\/v2\/product_cat?post=78426"},{"taxonomy":"product_tag","embeddable":true,"href":"https:\/\/holidaysim.es\/en\/wp-json\/wp\/v2\/product_tag?post=78426"}],"curies":[{"name":"wp","href":"https:\/\/api.w.org\/{rel}","templated":true}]}}