{"id":78413,"date":"2025-01-10T16:58:53","date_gmt":"2025-01-10T14:58:53","guid":{"rendered":"https:\/\/holidaysim.es\/?post_type=product&#038;p=78413"},"modified":"2026-05-09T15:58:30","modified_gmt":"2026-05-09T13:58:30","slug":"europe-500-mb-3-days","status":"publish","type":"product","link":"https:\/\/holidaysim.es\/en\/product\/europe-500-mb-3-days\/","title":{"rendered":"Europa 500 MB &#8211; 3 D\u00edas"},"content":{"rendered":"<p>Se aplican restricciones al uso prolongado (m\u00e1s de 91 d\u00edas) en Turqu\u00eda, de acuerdo con la legislaci\u00f3n local.<\/p>\n","protected":false},"excerpt":{"rendered":"<p>Se aplican restricciones al uso prolongado (m\u00e1s de 91 d\u00edas) en Turqu\u00eda, de acuerdo con la legislaci\u00f3n local.<\/p>\n","protected":false},"featured_media":74087,"comment_status":"open","ping_status":"closed","template":"","meta":[],"product_brand":[],"product_cat":[15],"product_tag":[],"class_list":{"0":"post-78413","1":"product","2":"type-product","3":"status-publish","4":"has-post-thumbnail","6":"product_cat-paises","8":"first","9":"instock","10":"virtual","11":"taxable","12":"purchasable","13":"product-type-simple"},"_links":{"self":[{"href":"https:\/\/holidaysim.es\/en\/wp-json\/wp\/v2\/product\/78413","targetHints":{"allow":["GET"]}}],"collection":[{"href":"https:\/\/holidaysim.es\/en\/wp-json\/wp\/v2\/product"}],"about":[{"href":"https:\/\/holidaysim.es\/en\/wp-json\/wp\/v2\/types\/product"}],"replies":[{"embeddable":true,"href":"https:\/\/holidaysim.es\/en\/wp-json\/wp\/v2\/comments?post=78413"}],"version-history":[{"count":2,"href":"https:\/\/holidaysim.es\/en\/wp-json\/wp\/v2\/product\/78413\/revisions"}],"predecessor-version":[{"id":80086,"href":"https:\/\/holidaysim.es\/en\/wp-json\/wp\/v2\/product\/78413\/revisions\/80086"}],"wp:featuredmedia":[{"embeddable":true,"href":"https:\/\/holidaysim.es\/en\/wp-json\/wp\/v2\/media\/74087"}],"wp:attachment":[{"href":"https:\/\/holidaysim.es\/en\/wp-json\/wp\/v2\/media?parent=78413"}],"wp:term":[{"taxonomy":"product_brand","embeddable":true,"href":"https:\/\/holidaysim.es\/en\/wp-json\/wp\/v2\/product_brand?post=78413"},{"taxonomy":"product_cat","embeddable":true,"href":"https:\/\/holidaysim.es\/en\/wp-json\/wp\/v2\/product_cat?post=78413"},{"taxonomy":"product_tag","embeddable":true,"href":"https:\/\/holidaysim.es\/en\/wp-json\/wp\/v2\/product_tag?post=78413"}],"curies":[{"name":"wp","href":"https:\/\/api.w.org\/{rel}","templated":true}]}}